{"id":911,"date":"2020-11-19T11:37:44","date_gmt":"2020-11-19T10:37:44","guid":{"rendered":"http:\/\/darekjam.pavelkares.cz\/?page_id=911"},"modified":"2025-11-04T15:05:36","modified_gmt":"2025-11-04T14:05:36","slug":"covid-19","status":"publish","type":"page","link":"https:\/\/darekjam.cz\/?page_id=911","title":{"rendered":"Kam s d\u00e1rky?"},"content":{"rendered":"<p><strong>4.12. klub Parn\u00edk<\/strong>, <span class=\"w8qArf\"><a class=\"fl\" href=\"https:\/\/www.google.cz\/search?q=barbar+music+club+adresa&amp;ludocid=4267348899607294166&amp;sa=X&amp;ved=2ahUKEwi75rOcxZf7AhVBOXoKHcbwCuAQ6BN6BAhrEAI\" data-ved=\"2ahUKEwi75rOcxZf7AhVBOXoKHcbwCuAQ6BN6BAhrEAI\">Adresa<\/a><span class=\"eTVOZd\">:<\/span>&nbsp;<\/span><span class=\"LrzXr\">Sokolsk\u00e1 t\u0159\u00edda 175\/26, 702 00 Moravsk\u00e1 Ostrava a P\u0159\u00edvoz<\/span><\/p>\n<p>&nbsp;<\/p>\n<p>Krom\u011b skv\u011bl\u00e9ho um\u011bleck\u00e9ho z\u00e1\u017eitku bychom v\u00e1m cht\u011bli umo\u017enit ud\u011blat n\u011bkomu radost. Do klubu Parn\u00edk budete moci p\u0159in\u00e9st d\u00e1rky pro maminky s d\u011btmi z Charitn\u00edho domu sv. Zdislavy, pomoci lidem bez domova nebo finan\u010dn\u011b p\u0159isp\u011bt do zape\u010det\u011bn\u00e9 pokladni\u010dky v r\u00e1mci ve\u0159ejn\u00e9 sb\u00edrky pro provoz j\u00eddelny v jemensk\u00e9m m\u011bst\u011b Sanaa.&nbsp;<\/p>\n<p>&nbsp;<\/p>\n<p>D\u011bkujeme za podporu!<\/p>\n<p>&nbsp;<\/p>\n<p>&nbsp;<\/p>\n<p>&nbsp;<\/p>\n","protected":false},"excerpt":{"rendered":"<p>4.12. klub Parn\u00edk, Adresa:&nbsp;Sokolsk\u00e1 t\u0159\u00edda 175\/26, 702 00 Moravsk\u00e1 Ostrava a P\u0159\u00edvoz &nbsp; Krom\u011b skv\u011bl\u00e9ho um\u011bleck\u00e9ho z\u00e1\u017eitku bychom v\u00e1m cht\u011bli umo\u017enit ud\u011blat n\u011bkomu radost. Do&hellip;<\/p>\n","protected":false},"author":1,"featured_media":0,"parent":0,"menu_order":0,"comment_status":"closed","ping_status":"closed","template":"","meta":{"ngg_post_thumbnail":0,"footnotes":""},"class_list":["post-911","page","type-page","status-publish","hentry"],"_links":{"self":[{"href":"https:\/\/darekjam.cz\/index.php?rest_route=\/wp\/v2\/pages\/911","targetHints":{"allow":["GET"]}}],"collection":[{"href":"https:\/\/darekjam.cz\/index.php?rest_route=\/wp\/v2\/pages"}],"about":[{"href":"https:\/\/darekjam.cz\/index.php?rest_route=\/wp\/v2\/types\/page"}],"author":[{"embeddable":true,"href":"https:\/\/darekjam.cz\/index.php?rest_route=\/wp\/v2\/users\/1"}],"replies":[{"embeddable":true,"href":"https:\/\/darekjam.cz\/index.php?rest_route=%2Fwp%2Fv2%2Fcomments&post=911"}],"version-history":[{"count":37,"href":"https:\/\/darekjam.cz\/index.php?rest_route=\/wp\/v2\/pages\/911\/revisions"}],"predecessor-version":[{"id":2186,"href":"https:\/\/darekjam.cz\/index.php?rest_route=\/wp\/v2\/pages\/911\/revisions\/2186"}],"wp:attachment":[{"href":"https:\/\/darekjam.cz\/index.php?rest_route=%2Fwp%2Fv2%2Fmedia&parent=911"}],"curies":[{"name":"wp","href":"https:\/\/api.w.org\/{rel}","templated":true}]}}