{"id":9,"date":"2020-11-18T13:32:37","date_gmt":"2020-11-18T12:32:37","guid":{"rendered":"http:\/\/darekjam.pavelkares.cz\/?page_id=9"},"modified":"2022-11-04T21:36:10","modified_gmt":"2022-11-04T20:36:10","slug":"kontakt","status":"publish","type":"page","link":"https:\/\/darekjam.cz\/?page_id=9","title":{"rendered":"Kontakt"},"content":{"rendered":"\r\n<p><strong>Realiza\u010dn\u00ed t\u00fdm:<\/strong><br>Pavel Kare\u0161, Zuzana Jano\u0161ov\u00e1, Ta\u0165\u00e1na Boh\u00e1\u010dov\u00e1, \u0160\u00e1rka Mokr\u00e1<\/p>\r\n<p><strong>Za Pom\u016f\u017eu jak m\u016f\u017eu:&nbsp;<\/strong><\/p>\r\n<p>\u0160\u00e1rka Mokr\u00e1<br>info@pomuzujakmuzu.cz<br>+420 773 004 098<\/p>\r\n<p><strong>Za po\u0159adatele:<\/strong><\/p>\r\n<p><span style=\"font-size: 1rem;\">Pavel Kare\u0161<br><\/span>karespavel@gmail.com<br>+420 730 183 000<\/p>\r\n<p><strong>Za Charitu Ostrava:<\/strong><\/p>\r\n<p>Dalibor Kraut<br>dalibor.kraut@ostrava.charita.cz<br>Tel.: 731 625 853<br>vedouc\u00ed \u00datvaru pro vztahy s ve\u0159ejnost\u00ed<\/p>\r\n<p>&nbsp;<\/p>\r\n<p>&nbsp;<\/p>\r\n","protected":false},"excerpt":{"rendered":"<p>Realiza\u010dn\u00ed t\u00fdm:Pavel Kare\u0161, Zuzana Jano\u0161ov\u00e1, Ta\u0165\u00e1na Boh\u00e1\u010dov\u00e1, \u0160\u00e1rka Mokr\u00e1 Za Pom\u016f\u017eu jak m\u016f\u017eu:&nbsp; \u0160\u00e1rka Mokr\u00e1info@pomuzujakmuzu.cz+420 773 004 098 Za po\u0159adatele: Pavel Kare\u0161karespavel@gmail.com+420 730 183 000&hellip;<\/p>\n","protected":false},"author":1,"featured_media":0,"parent":0,"menu_order":0,"comment_status":"closed","ping_status":"closed","template":"","meta":{"ngg_post_thumbnail":0,"footnotes":""},"class_list":["post-9","page","type-page","status-publish","hentry"],"_links":{"self":[{"href":"https:\/\/darekjam.cz\/index.php?rest_route=\/wp\/v2\/pages\/9","targetHints":{"allow":["GET"]}}],"collection":[{"href":"https:\/\/darekjam.cz\/index.php?rest_route=\/wp\/v2\/pages"}],"about":[{"href":"https:\/\/darekjam.cz\/index.php?rest_route=\/wp\/v2\/types\/page"}],"author":[{"embeddable":true,"href":"https:\/\/darekjam.cz\/index.php?rest_route=\/wp\/v2\/users\/1"}],"replies":[{"embeddable":true,"href":"https:\/\/darekjam.cz\/index.php?rest_route=%2Fwp%2Fv2%2Fcomments&post=9"}],"version-history":[{"count":13,"href":"https:\/\/darekjam.cz\/index.php?rest_route=\/wp\/v2\/pages\/9\/revisions"}],"predecessor-version":[{"id":1658,"href":"https:\/\/darekjam.cz\/index.php?rest_route=\/wp\/v2\/pages\/9\/revisions\/1658"}],"wp:attachment":[{"href":"https:\/\/darekjam.cz\/index.php?rest_route=%2Fwp%2Fv2%2Fmedia&parent=9"}],"curies":[{"name":"wp","href":"https:\/\/api.w.org\/{rel}","templated":true}]}}