{"id":894,"date":"2020-11-18T22:28:43","date_gmt":"2020-11-18T21:28:43","guid":{"rendered":"http:\/\/darekjam.pavelkares.cz\/?page_id=894"},"modified":"2025-12-04T13:23:09","modified_gmt":"2025-12-04T12:23:09","slug":"roznovsky-darek-jam","status":"publish","type":"page","link":"https:\/\/darekjam.cz\/?page_id=894","title":{"rendered":"Ro\u017enovsk\u00fd D\u00e1rek Jam"},"content":{"rendered":"<p><img loading=\"lazy\" decoding=\"async\" class=\"size-large wp-image-2396 aligncenter\" src=\"https:\/\/darekjam.cz\/wp-content\/uploads\/2025\/11\/darekroznov-700x993.jpeg\" alt=\"\" width=\"700\" height=\"993\" srcset=\"https:\/\/darekjam.cz\/wp-content\/uploads\/2025\/11\/darekroznov-700x993.jpeg 700w, https:\/\/darekjam.cz\/wp-content\/uploads\/2025\/11\/darekroznov-211x300.jpeg 211w, https:\/\/darekjam.cz\/wp-content\/uploads\/2025\/11\/darekroznov-768x1090.jpeg 768w, https:\/\/darekjam.cz\/wp-content\/uploads\/2025\/11\/darekroznov.jpeg 828w\" sizes=\"auto, (max-width: 700px) 100vw, 700px\" \/><\/p>\n<p>Podpo\u0159te matky s d\u011btmi z&nbsp;azylov\u00fdch dom\u016f a lidi bez domova t\u00edm, \u017ee p\u0159inesete d\u00e1rek.<\/p>\n<p>Anotace: Ji\u017e dev\u00e1t\u00fd ro\u010dn\u00edk charitativn\u00edho koncertu na podporu matek s d\u011btmi z azylov\u00fdch dom\u016f a lid\u00ed bez domova, kter\u00fd po\u0159\u00e1d\u00e1 Zbyn\u011bk Terner ve spolupr\u00e1ci s T\u00e9\u010dkem a Charitou Vala\u0161sk\u00e9 Mezi\u0159\u00ed\u010d\u00ed.<\/p>\n<p>V\u0161ichni tito lid\u00e9 v&nbsp;nep\u0159\u00edzniv\u00e9 situaci budou vd\u011b\u010dn\u00ed za hra\u010dky, svr\u0161ky, rukavice, \u010depice, apod.,nebo trvanliv\u00e9 potraviny. P\u0159ipravena bude i kasi\u010dka Charity pro finan\u010d\u00ed d\u00e1rky.<\/p>\n<p>&nbsp;<\/p>\n<p>\u00da\u010dinkuj\u00edc\u00ed, zvuka\u0159i a organiz\u00e1to\u0159i se vzd\u00e1vaj\u00ed jak\u00e9hokoli honor\u00e1\u0159e a z\u00edskan\u00e9 prost\u0159edky budou v\u011bnov\u00e1ny pot\u0159ebn\u00fdm v&nbsp;na\u0161em regionu.<\/p>\n<p>Program:<\/p>\n<p>&nbsp;<\/p>\n<p>Zm\u011bna programu vyhrazena.<\/p>\n<p>&nbsp;<\/p>\n<p>&nbsp;<\/p>\n<p>D\u00e1rek jam v Ro\u017enov\u011b pod Radho\u0161t\u011bm vznikl docela jednodu\u0161e. V listopadu 2015 m\u011b Pavel Pery Kare\u0161 p\u0159i pravideln\u00e9m drinku na rozlou\u010denou po swingov\u00e9m koncertu v Parn\u00edku pozval na svou charitativn\u00ed akci, kde pr\u00fd bude hr\u00e1t spousta zaj\u00edmav\u00fdch muzikant\u016f. Tuhle p\u0159\u00edle\u017eitost jsem si nemohl nechat uj\u00edt. Tak jsem dorazil do baru Modr\u00e1 my\u0161 a byl unesen atmosf\u00e9rou natolik, \u017ee na dal\u0161\u00edm ro\u010dn\u00edku jsem se ji\u017e vnutil se dv\u011bma p\u00edsn\u011bmi do z\u00e1stupu \u00fa\u010dinkuj\u00edc\u00edch. A proto\u017ee jsem si cht\u011bl zazp\u00edvat v\u00edc, rozhodl jsem se uspo \u0159\u00e1dat stejnou akci v m\u00e9m rodn\u00e9m m\u011bst\u011b za podpory vala\u0161sk\u00fdch muzikant\u016f v\u0161ech \u017e\u00e1nr\u016f, kte\u0159\u00ed bez v\u00e1h\u00e1n\u00ed souhlasili.<\/p>\n<p>Kl\u00ed\u010dov\u00fdm faktorem byla skv\u011bl\u00e1 my\u0161lenka podoby d\u00e1rk\u016f i c\u00edlov\u00e1 skupina j\u00ed\u017e by se m\u011bly v\u011bnovat. Dohodnout se na spolupr\u00e1ci s&nbsp;Charitou bylo snadn\u00e9 a magick\u00e9ho ve\u010dera 12.12.2017 jsme odstartovali prvn\u00ed ro\u010dn\u00edk.<\/p>\n<p>Zbyn\u011bk Terner<\/p>\n","protected":false},"excerpt":{"rendered":"<p>Podpo\u0159te matky s d\u011btmi z&nbsp;azylov\u00fdch dom\u016f a lidi bez domova t\u00edm, \u017ee p\u0159inesete d\u00e1rek. Anotace: Ji\u017e dev\u00e1t\u00fd ro\u010dn\u00edk charitativn\u00edho koncertu na podporu matek s d\u011btmi&hellip;<\/p>\n","protected":false},"author":1,"featured_media":0,"parent":0,"menu_order":0,"comment_status":"closed","ping_status":"closed","template":"","meta":{"ngg_post_thumbnail":0,"footnotes":""},"class_list":["post-894","page","type-page","status-publish","hentry"],"_links":{"self":[{"href":"https:\/\/darekjam.cz\/index.php?rest_route=\/wp\/v2\/pages\/894","targetHints":{"allow":["GET"]}}],"collection":[{"href":"https:\/\/darekjam.cz\/index.php?rest_route=\/wp\/v2\/pages"}],"about":[{"href":"https:\/\/darekjam.cz\/index.php?rest_route=\/wp\/v2\/types\/page"}],"author":[{"embeddable":true,"href":"https:\/\/darekjam.cz\/index.php?rest_route=\/wp\/v2\/users\/1"}],"replies":[{"embeddable":true,"href":"https:\/\/darekjam.cz\/index.php?rest_route=%2Fwp%2Fv2%2Fcomments&post=894"}],"version-history":[{"count":20,"href":"https:\/\/darekjam.cz\/index.php?rest_route=\/wp\/v2\/pages\/894\/revisions"}],"predecessor-version":[{"id":2182,"href":"https:\/\/darekjam.cz\/index.php?rest_route=\/wp\/v2\/pages\/894\/revisions\/2182"}],"wp:attachment":[{"href":"https:\/\/darekjam.cz\/index.php?rest_route=%2Fwp%2Fv2%2Fmedia&parent=894"}],"curies":[{"name":"wp","href":"https:\/\/api.w.org\/{rel}","templated":true}]}}