{"id":888,"date":"2020-11-18T22:06:46","date_gmt":"2020-11-18T21:06:46","guid":{"rendered":"http:\/\/darekjam.pavelkares.cz\/?page_id=888"},"modified":"2024-10-21T19:55:00","modified_gmt":"2024-10-21T17:55:00","slug":"dekujeme","status":"publish","type":"page","link":"https:\/\/darekjam.cz\/?page_id=888","title":{"rendered":"D\u011bkujeme"},"content":{"rendered":"<p>D\u011bkujeme Charit\u011b Ostrava za celoro\u010dn\u00ed pomoc pot\u0159ebn\u00fdm lidem a spolku Pom\u016f\u017eu jak m\u016f\u017eu, proto\u017ee cel\u00fd sv\u011bt je domov.<\/p>\n<p>D\u011bkujeme muzikant\u016fm, kte\u0159\u00ed se v\u0161ech ro\u010dn\u00edk\u016f z\u00fa\u010dastnili a \u00fa\u010dastn\u00ed i letos bez n\u00e1roku na honor\u00e1\u0159.<\/p>\n<p>D\u011bkujeme V\u00e1m, kte\u0159\u00ed jste pomohli a pom\u00e1h\u00e1te lidem v nouzi.<\/p>\n<p>D\u011bkujeme V\u0160EM!!!<\/p>\n","protected":false},"excerpt":{"rendered":"<p>D\u011bkujeme Charit\u011b Ostrava za celoro\u010dn\u00ed pomoc pot\u0159ebn\u00fdm lidem a spolku Pom\u016f\u017eu jak m\u016f\u017eu, proto\u017ee cel\u00fd sv\u011bt je domov. D\u011bkujeme muzikant\u016fm, kte\u0159\u00ed se v\u0161ech ro\u010dn\u00edk\u016f z\u00fa\u010dastnili&hellip;<\/p>\n","protected":false},"author":1,"featured_media":0,"parent":0,"menu_order":0,"comment_status":"closed","ping_status":"closed","template":"","meta":{"ngg_post_thumbnail":0,"footnotes":""},"class_list":["post-888","page","type-page","status-publish","hentry"],"_links":{"self":[{"href":"https:\/\/darekjam.cz\/index.php?rest_route=\/wp\/v2\/pages\/888","targetHints":{"allow":["GET"]}}],"collection":[{"href":"https:\/\/darekjam.cz\/index.php?rest_route=\/wp\/v2\/pages"}],"about":[{"href":"https:\/\/darekjam.cz\/index.php?rest_route=\/wp\/v2\/types\/page"}],"author":[{"embeddable":true,"href":"https:\/\/darekjam.cz\/index.php?rest_route=\/wp\/v2\/users\/1"}],"replies":[{"embeddable":true,"href":"https:\/\/darekjam.cz\/index.php?rest_route=%2Fwp%2Fv2%2Fcomments&post=888"}],"version-history":[{"count":25,"href":"https:\/\/darekjam.cz\/index.php?rest_route=\/wp\/v2\/pages\/888\/revisions"}],"predecessor-version":[{"id":2188,"href":"https:\/\/darekjam.cz\/index.php?rest_route=\/wp\/v2\/pages\/888\/revisions\/2188"}],"wp:attachment":[{"href":"https:\/\/darekjam.cz\/index.php?rest_route=%2Fwp%2Fv2%2Fmedia&parent=888"}],"curies":[{"name":"wp","href":"https:\/\/api.w.org\/{rel}","templated":true}]}}