{"id":8,"date":"2020-11-18T13:32:37","date_gmt":"2020-11-18T12:32:37","guid":{"rendered":"http:\/\/darekjam.pavelkares.cz\/?page_id=8"},"modified":"2024-10-21T19:51:51","modified_gmt":"2024-10-21T17:51:51","slug":"o-nas","status":"publish","type":"page","link":"https:\/\/darekjam.cz\/?page_id=8","title":{"rendered":"Pro\u010d"},"content":{"rendered":"\r\n<p><strong>Po\u0159adatel\u00e9 <br><\/strong>V roce 2012 n\u00e1s p\u0159i organizov\u00e1n\u00ed Boh\u00e9msk\u00e9ho plesu napadla my\u0161lenka ud\u011blat alespo\u0148 p\u0159ed V\u00e1nocemi dobr\u00fd skutek pro pot\u0159ebn\u00e9 lidi, proto jsme oslovili Charitu Ostrava s n\u00e1padem uspo\u0159\u00e1dat minikoncert, kde by na\u0161i zn\u00e1m\u00ed mohli don\u00e9st v\u00e1no\u010dn\u00ed d\u00e1rky a zp\u0159\u00edjemnit tak sv\u00e1tky i lidem v obt\u00ed\u017en\u00e9 \u017eivotn\u00ed situaci, p\u0159edev\u0161\u00edm mamink\u00e1m a jejich d\u011btem. Tak vznikl n\u00e1\u0161 prvn\u00ed D\u00e1rek Jam.&nbsp; Proto\u017ee akce m\u011bla hned prvn\u00ed rok velk\u00fd \u00fasp\u011bch, za\u010dali jsme ji po\u0159\u00e1dat pravideln\u011b.<br>Po\u0159\u00e1d\u00e1n\u00ed D\u00e1rek Jamu m\u011blo sv\u016fj v\u00fdvoj, v roce 2018 se n\u00e1pad zal\u00edbil ro\u017enovsk\u00e9mu um\u011blci Zby\u0148kovi Ternerovi a za\u010dal sv\u016fj D\u00e1rek Jam po\u0159\u00e1dat i v Ro\u017enov\u011b pod Radho\u0161t\u011bm. V\u00edce se m\u016f\u017eete o ro\u017enovsk\u00e9m D\u00e1rek Jamu dozv\u011bd\u011bt <a href=\"https:\/\/darekjam.pavelkares.cz\/roznovsky-darek-jam\/\">zde<\/a>.<\/p>\r\n<p><strong>Charita Ostrava &#8211; nest\u00e1tn\u00ed neziskov\u00e1 organizace zalo\u017eena v roce 1991<br><\/strong>V\u00e1noce jsou pro v\u011bt\u0161inu z n\u00e1s symbolem klidu a radosti, kter\u00e9 tr\u00e1v\u00edme doma se sv\u00fdmi bl\u00edzk\u00fdmi. Jsou zde ale i lid\u00e9, kte\u0159\u00ed nemaj\u00ed sv\u00e9 rodinn\u00e9 z\u00e1zem\u00ed, nemaj\u00ed sv\u00e9 bydlen\u00ed, ani bl\u00edzk\u00e9, kte\u0159\u00ed by se o n\u011b postarali. D\u00e1rek Jam napl\u0148uje posl\u00e1n\u00ed Charity Ostrava sv\u00fdm zam\u011b\u0159en\u00edm. Spojuje poskytov\u00e1n\u00ed profesion\u00e1ln\u00ed pomoci s maxim\u00e1ln\u00edm \u00fasil\u00edm a osobn\u00ed lidsk\u00fd p\u0159\u00edstup k lidem se zapojen\u00edm ve\u0159ejnosti, kter\u00e9 osud pot\u0159ebn\u00fdch lid\u00ed nen\u00ed lhostejn\u00fd.<\/p>\r\n","protected":false},"excerpt":{"rendered":"<p>Po\u0159adatel\u00e9 V roce 2012 n\u00e1s p\u0159i organizov\u00e1n\u00ed Boh\u00e9msk\u00e9ho plesu napadla my\u0161lenka ud\u011blat alespo\u0148 p\u0159ed V\u00e1nocemi dobr\u00fd skutek pro pot\u0159ebn\u00e9 lidi, proto jsme oslovili Charitu Ostrava&hellip;<\/p>\n","protected":false},"author":1,"featured_media":0,"parent":0,"menu_order":0,"comment_status":"closed","ping_status":"closed","template":"","meta":{"ngg_post_thumbnail":0,"footnotes":""},"class_list":["post-8","page","type-page","status-publish","hentry"],"_links":{"self":[{"href":"https:\/\/darekjam.cz\/index.php?rest_route=\/wp\/v2\/pages\/8","targetHints":{"allow":["GET"]}}],"collection":[{"href":"https:\/\/darekjam.cz\/index.php?rest_route=\/wp\/v2\/pages"}],"about":[{"href":"https:\/\/darekjam.cz\/index.php?rest_route=\/wp\/v2\/types\/page"}],"author":[{"embeddable":true,"href":"https:\/\/darekjam.cz\/index.php?rest_route=\/wp\/v2\/users\/1"}],"replies":[{"embeddable":true,"href":"https:\/\/darekjam.cz\/index.php?rest_route=%2Fwp%2Fv2%2Fcomments&post=8"}],"version-history":[{"count":21,"href":"https:\/\/darekjam.cz\/index.php?rest_route=\/wp\/v2\/pages\/8\/revisions"}],"predecessor-version":[{"id":2187,"href":"https:\/\/darekjam.cz\/index.php?rest_route=\/wp\/v2\/pages\/8\/revisions\/2187"}],"wp:attachment":[{"href":"https:\/\/darekjam.cz\/index.php?rest_route=%2Fwp%2Fv2%2Fmedia&parent=8"}],"curies":[{"name":"wp","href":"https:\/\/api.w.org\/{rel}","templated":true}]}}