{"id":2175,"date":"2024-10-18T11:19:27","date_gmt":"2024-10-18T09:19:27","guid":{"rendered":"https:\/\/darekjam.cz\/?page_id=2175"},"modified":"2024-10-18T11:19:27","modified_gmt":"2024-10-18T09:19:27","slug":"11-rocnik","status":"publish","type":"page","link":"https:\/\/darekjam.cz\/?page_id=2175","title":{"rendered":"11. ro\u010dn\u00edk"},"content":{"rendered":"\r\n<h1 style=\"color: #c20808; text-align: center;\"><strong>11. ro\u010dn\u00edk<\/strong><\/h1>\r\n<p style=\"text-align: center;\"><strong>P\u0159ijm\u011bte pozv\u00e1n\u00ed na hudebn\u00ed benefici a ud\u011blejte radost v\u00e1no\u010dn\u00edm d\u00e1rkem lidem, kte\u0159\u00ed se ocitli v nep\u0159\u00edzniv\u00e9 \u017eivotn\u00ed situaci.<\/strong><\/p>\r\n<h3 class=\"zeli\" style=\"color: #c20808; text-align: center;\">7. 12. 2023&nbsp; &nbsp;19 hodin<\/h3>\r\n<h2 class=\"zeli\" style=\"color: #c20808; text-align: center;\"><a href=\"https:\/\/www.klub-parnik.cz\/\" target=\"_blank\" rel=\"noopener\">Klub Parn\u00edk<\/a><\/h2>\r\n<p class=\"zeli\" style=\"text-align: center;\">Sokolsk\u00e1 t\u0159. 175\/26, Ostrava<\/p>\r\n<h1 style=\"color: #c20808; text-align: center;\"><a href=\"https:\/\/jamesharriesmusic.com\/\" target=\"_blank\" rel=\"noopener\"><strong style=\"color: #c20808;\">JAMES HARRIES<\/strong><\/a><\/h1>\r\n<h1 style=\"color: #c20808; text-align: center;\"><a href=\"https:\/\/moredni.bandcamp.com\/\" target=\"_blank\" rel=\"noopener\"><strong style=\"color: #c20808;\">MO\u0158E DN\u00cd<\/strong><\/a><\/h1>\r\n<h1 style=\"color: #c20808; text-align: center;\"><a href=\"https:\/\/bandzone.cz\/koksaci\" target=\"_blank\" rel=\"noopener\"><strong style=\"color: #c20808;\">KOKS<\/strong><\/a><\/h1>\r\n<p class=\"zeli\" style=\"color: #c20808; text-align: center;\"><span style=\"color: #000000;\"><strong>moder\u00e1tor: Ji\u0159\u00ed Krupica \u2013 Moder\u00e1tor r\u00e1dia \u010cas Rock <\/strong><\/span><\/p>\r\n<p style=\"text-align: center;\">&nbsp;<u><\/u><strong>VSTUPN\u00c9: pen\u011b\u017en\u00ed dar do sb\u00edrkov\u00e9 pokladni\u010dky u vstupu nebo d\u00e1rek<\/strong><\/p>\r\n<p>Pro maminky s d\u011btmi z&nbsp;<a href=\"https:\/\/ostrava.charita.cz\/komu-pomahame\/lide-bez-domova\/azylovy-dum-zdislava\/\" target=\"_blank\" rel=\"noopener\" data-saferedirecturl=\"https:\/\/www.google.com\/url?q=https:\/\/ostrava.charita.cz\/komu-pomahame\/lide-bez-domova\/azylovy-dum-zdislava\/&amp;source=gmail&amp;ust=1699136302765000&amp;usg=AOvVaw1tl6bzJAX80jzFUxPNQdOU\">Charitn\u00edho domu sv. Zdislavy &#8211; azylov\u00e9ho domu<\/a>&nbsp;Charity Ostrava uv\u00edt\u00e1me hra\u010dky, hry do herni\u010dky, kosmetiku nebo osobn\u00ed hygienu, trvanliv\u00e9 potraviny a v\u0161e, co pot\u011b\u0161\u00ed mal\u00e9 i velk\u00e9 na V\u00e1noce.<\/p>\r\n<p>Na provoz j\u00eddelny <a href=\"https:\/\/www.pomuzujakmuzu.cz\/\" target=\"_blank\" rel=\"noopener\" data-saferedirecturl=\"https:\/\/www.google.com\/url?q=https:\/\/www.pomuzujakmuzu.cz\/&amp;source=gmail&amp;ust=1699136302765000&amp;usg=AOvVaw0MhMJy8jvtitAPB7VAGmrO\">Pom\u016f\u017eu jak m\u016f\u017eu z. s.<\/a>&nbsp;pro rodiny v&nbsp;Jemenu zasa\u017een\u00e9m hladomorem m\u016f\u017eete p\u0159isp\u011bt v r\u00e1mci ve\u0159ejn\u00e9 sb\u00edrky p\u0159\u00edmo v klubech pen\u011bzi do zape\u010det\u011bn\u00e9 sb\u00edrkov\u00e9 pokladni\u010dky nebo pomoc\u00ed formul\u00e1\u0159e na t\u011bchto str\u00e1nk\u00e1ch vlevo dole.<u><\/u><\/p>\r\n<p>Va\u0161e dary budou vyu\u017eity pro:<\/p>\r\n<p><a href=\"https:\/\/pomuzujakmuzu.cz\/\" target=\"_blank\" rel=\"noopener\"><strong style=\"color: #c20808;\">Pom\u016f\u017eu jak m\u016f\u017eu z.s.<\/strong><\/a><\/p>\r\n<p>Spolek Pom\u016f\u017eu jak m\u016f\u017eu, z.s. je ostravsk\u00e1 organizace, kter\u00e1 vznikla v roce 2018 za \u00fa\u010delem humanit\u00e1rn\u00ed pomoci lidem uprost\u0159ed v\u00e1lky v Jemenu prost\u0159ednictv\u00edm z\u0159\u00edzen\u00ed j\u00eddelny pro hladov\u011bj\u00edc\u00ed \u017eeny<a href=\"https:\/\/darekjam.cz\/wp-content\/uploads\/2023\/11\/jemen.jpg\"><img loading=\"lazy\" decoding=\"async\" class=\"odsadit alignright wp-image-2125 size-medium\" src=\"https:\/\/darekjam.cz\/wp-content\/uploads\/2023\/11\/jemen-300x225.jpg\" alt=\"\" width=\"300\" height=\"225\" srcset=\"https:\/\/darekjam.cz\/wp-content\/uploads\/2023\/11\/jemen-300x225.jpg 300w, https:\/\/darekjam.cz\/wp-content\/uploads\/2023\/11\/jemen-700x525.jpg 700w, https:\/\/darekjam.cz\/wp-content\/uploads\/2023\/11\/jemen-768x576.jpg 768w, https:\/\/darekjam.cz\/wp-content\/uploads\/2023\/11\/jemen.jpg 800w\" sizes=\"auto, (max-width: 300px) 100vw, 300px\" \/><\/a> a d\u011bti. Z dar\u016f, kter\u00e9 spolek obdr\u017e\u00ed, je financov\u00e1no jedno tepl\u00e9 j\u00eddlo pro ty nejpot\u0159ebn\u011bj\u0161\u00ed v jemensk\u00e9m hlavn\u00edm m\u011bst\u011b Sanaa. Jemen za\u017e\u00edv\u00e1 nejhor\u0161\u00ed humanit\u00e1rn\u00ed krizi na sv\u011bt\u011b od roku 1945, \u010del\u00ed v\u00e1lce, hladomoru i epidemi\u00edm. Chyb\u00ed potraviny, pitn\u00e1 voda, nafta, l\u00e9ky i pozornost sv\u011bta. Uprost\u0159ed t\u00e9to zk\u00e1zy jsou lid\u00e9 jako my a na\u0161i p\u0159\u00e1tel\u00e9. projekt ve\u0159ejn\u00e9 j\u00eddelny pom\u016f\u017ee alespo\u0148 n\u011bkter\u00fdm z nich m\u00edt zase nad\u011bji. jeho c\u00edlem je shroma\u017e\u010fovat pen\u00edze na transparentn\u00ed \u00fa\u010det, nakupovat potraviny p\u0159\u00edmo v Sanaa a zaji\u0161\u0165ovat pravideln\u00e9 j\u00eddlo pro nejpot\u0159ebn\u011bj\u0161\u00ed lidi v nouzi.<\/p>\r\n<div>Ostravsk\u00fd spolek Pom\u016f\u017eu jak m\u016f\u017eu je zalo\u017een na dobrovoln\u00e9 pr\u00e1ci jeho \u010dlen\u016f.<\/div>\r\n<div>&nbsp;<\/div>\r\n<div>&nbsp;<\/div>\r\n<div>&nbsp;<\/div>\r\n<p><strong><a style=\"color: #c20808;\" href=\"https:\/\/ostrava.charita.cz\/komu-pomahame\/lide-bez-domova\/azylovy-dum-zdislava\/\" target=\"_blank\" rel=\"noopener\">Charitn\u00ed d\u016fm sv. Zdislavy<\/a><\/strong><\/p>\r\n<p><b><\/b>Azylov\u00fd d\u016fm Charity Ostrava poskytuje do\u010dasn\u00e9 z\u00e1zem\u00ed mamink\u00e1m s d\u011btmi a t\u011bhotn\u00fdm \u017een\u00e1m, kter\u00e9 p\u0159i\u0161ly o bydlen\u00ed a pot\u0159ebuj\u00ed podpo\u0159it, aby znovu z\u00edskaly sob\u011bsta\u010dnost a \u0161anci zapojit se zp\u011bt do<a href=\"https:\/\/darekjam.cz\/wp-content\/uploads\/2023\/11\/zdislava_darujme_2021.jpg\"><img loading=\"lazy\" decoding=\"async\" class=\"odsadit alignright wp-image-2158 size-medium\" src=\"https:\/\/darekjam.cz\/wp-content\/uploads\/2023\/11\/zdislava_darujme_2021-300x200.jpg\" alt=\"\" width=\"300\" height=\"200\" srcset=\"https:\/\/darekjam.cz\/wp-content\/uploads\/2023\/11\/zdislava_darujme_2021-300x200.jpg 300w, https:\/\/darekjam.cz\/wp-content\/uploads\/2023\/11\/zdislava_darujme_2021-700x467.jpg 700w, https:\/\/darekjam.cz\/wp-content\/uploads\/2023\/11\/zdislava_darujme_2021-768x512.jpg 768w, https:\/\/darekjam.cz\/wp-content\/uploads\/2023\/11\/zdislava_darujme_2021-1536x1024.jpg 1536w, https:\/\/darekjam.cz\/wp-content\/uploads\/2023\/11\/zdislava_darujme_2021.jpg 1772w\" sizes=\"auto, (max-width: 300px) 100vw, 300px\" \/><\/a> b\u011b\u017en\u00e9ho \u017eivota.<\/p>\r\n<p>&nbsp;<\/p>\r\n<p>&nbsp;<\/p>\r\n<p>&nbsp;<\/p>\r\n<p>&nbsp;<\/p>\r\n<p>&nbsp;<\/p>\r\n<p><a href=\"https:\/\/darekjam.cz\/wp-content\/uploads\/2023\/11\/darek_jam_2023.jpg\"><img loading=\"lazy\" decoding=\"async\" class=\"aligncenter wp-image-2161 size-large\" src=\"https:\/\/darekjam.cz\/wp-content\/uploads\/2023\/11\/darek_jam_2023-700x366.jpg\" alt=\"\" width=\"700\" height=\"366\" srcset=\"https:\/\/darekjam.cz\/wp-content\/uploads\/2023\/11\/darek_jam_2023-700x366.jpg 700w, https:\/\/darekjam.cz\/wp-content\/uploads\/2023\/11\/darek_jam_2023-300x157.jpg 300w, https:\/\/darekjam.cz\/wp-content\/uploads\/2023\/11\/darek_jam_2023-768x402.jpg 768w, https:\/\/darekjam.cz\/wp-content\/uploads\/2023\/11\/darek_jam_2023.jpg 1200w\" sizes=\"auto, (max-width: 700px) 100vw, 700px\" \/><\/a><\/p>\r\n","protected":false},"excerpt":{"rendered":"<p>11. ro\u010dn\u00edk P\u0159ijm\u011bte pozv\u00e1n\u00ed na hudebn\u00ed benefici a ud\u011blejte radost v\u00e1no\u010dn\u00edm d\u00e1rkem lidem, kte\u0159\u00ed se ocitli v nep\u0159\u00edzniv\u00e9 \u017eivotn\u00ed situaci. 7. 12. 2023&nbsp; &nbsp;19 hodin&hellip;<\/p>\n","protected":false},"author":1,"featured_media":0,"parent":0,"menu_order":0,"comment_status":"closed","ping_status":"open","template":"","meta":{"ngg_post_thumbnail":0,"footnotes":""},"class_list":["post-2175","page","type-page","status-publish","hentry"],"_links":{"self":[{"href":"https:\/\/darekjam.cz\/index.php?rest_route=\/wp\/v2\/pages\/2175","targetHints":{"allow":["GET"]}}],"collection":[{"href":"https:\/\/darekjam.cz\/index.php?rest_route=\/wp\/v2\/pages"}],"about":[{"href":"https:\/\/darekjam.cz\/index.php?rest_route=\/wp\/v2\/types\/page"}],"author":[{"embeddable":true,"href":"https:\/\/darekjam.cz\/index.php?rest_route=\/wp\/v2\/users\/1"}],"replies":[{"embeddable":true,"href":"https:\/\/darekjam.cz\/index.php?rest_route=%2Fwp%2Fv2%2Fcomments&post=2175"}],"version-history":[{"count":1,"href":"https:\/\/darekjam.cz\/index.php?rest_route=\/wp\/v2\/pages\/2175\/revisions"}],"predecessor-version":[{"id":2176,"href":"https:\/\/darekjam.cz\/index.php?rest_route=\/wp\/v2\/pages\/2175\/revisions\/2176"}],"wp:attachment":[{"href":"https:\/\/darekjam.cz\/index.php?rest_route=%2Fwp%2Fv2%2Fmedia&parent=2175"}],"curies":[{"name":"wp","href":"https:\/\/api.w.org\/{rel}","templated":true}]}}