{"id":2097,"date":"2023-10-16T17:21:13","date_gmt":"2023-10-16T15:21:13","guid":{"rendered":"https:\/\/darekjam.cz\/?page_id=2097"},"modified":"2023-10-16T17:21:13","modified_gmt":"2023-10-16T15:21:13","slug":"10-rocnik","status":"publish","type":"page","link":"https:\/\/darekjam.cz\/?page_id=2097","title":{"rendered":"10. ro\u010dn\u00edk"},"content":{"rendered":"\r\n<p style=\"text-align: center;\"><strong>Ud\u011blejte radost v\u00e1no\u010dn\u00edm d\u00e1rkem lidem, kte\u0159\u00ed se ocitli v nep\u0159\u00edzniv\u00e9 \u017eivotn\u00ed situaci.<\/strong><\/p>\r\n<h3 class=\"zeli\" style=\"color: #c20808; text-align: center;\">23. 11. 2022 Music Klub BarBar, 19 hodin<br><strong>Nedivo\u010d acoustic, Ptakustik acoustic, Empty Pipen<\/strong><\/h3>\r\n<h3 class=\"zeli\" style=\"color: #c20808; text-align: center;\"><strong>moderuje: Zuzana Glacov\u00e1<br><br><\/strong>1. 12. 2022 Hudebn\u00ed Bazar, 19 hodin<br><strong>Ave!Band, Triguitosaur, Adobre<\/strong><\/h3>\r\n<h3 class=\"zeli\" style=\"color: #c20808; text-align: center;\"><strong>moderuje: Tobi<br><\/strong><br>8. 12. 2022 La Petite Conversation, 18:30 hodin<br><strong>Ad\u00e1n Sanchez&amp;Vadim<\/strong><\/h3>\r\n<h3 class=\"zeli\" style=\"color: #c20808; text-align: center;\"><strong>moderuje: David Girten<br><\/strong><br>15. 12. 2022 Klub Zadn\u00ed Vr\u00e1tka, 19 hodin<br><strong>Downbelow acoustic, Luk\u00e1\u0161 Vl\u010dek,<br><\/strong><strong>Acustrio V\u00e1clava Fajfra, Hlubina<\/strong><\/h3>\r\n<h3 class=\"zeli\" style=\"color: #c20808; text-align: center;\"><strong>moderuje: Ji\u0159\u00ed Krupica<\/strong><\/h3>\r\n<p>VSTUPN\u00c9: <strong>pen\u00edze do zape\u010det\u011bn\u00e9 kasi\u010dky u vstupu nebo d\u00e1rek<\/strong>&nbsp;<\/p>\r\n<p>Pro maminky s d\u011btmi z Charitn\u00edho domu sv. Zdislavy uv\u00edt\u00e1me hra\u010dky, hry do d\u011btsk\u00e9 herni\u010dky, vybaven\u00ed na venkovn\u00ed h\u0159i\u0161t\u011b pro d\u011bti, kosmetiku a v\u0161e co pot\u011b\u0161\u00ed mal\u00e9 i velk\u00e9 na V\u00e1noce.<\/p>\r\n<p>Na provoz j\u00eddelny pro rodiny v Jemenu zasa\u017een\u00e9m hladomorem m\u016f\u017eete p\u0159isp\u011bt v r\u00e1mci ve\u0159ejn\u00e9 sb\u00edrky p\u0159\u00edmo v klubech pen\u011bzi do zape\u010det\u011bn\u00e9 sb\u00edrkov\u00e9 pokladni\u010dky nebo pomoc\u00ed formul\u00e1\u0159e na t\u011bchto str\u00e1nk\u00e1ch vlevo dole.<u><\/u><\/p>\r\n<p>Va\u0161e dary budou vyu\u017eity pro:<\/p>\r\n<p><a href=\"https:\/\/www.pomuzujakmuzu.cz\/\" target=\"_blank\" rel=\"noopener\"><strong>Pom\u016f\u017eu jak m\u016f\u017eu z.s.<\/strong><\/a><\/p>\r\n<p>Spolek Pom\u016f\u017eu jak m\u016f\u017eu, z.s. je ostravsk\u00e1 organizace, kter\u00e1 vznikla v roce 2018 za \u00fa\u010delem humanit\u00e1rn\u00ed pomoci lidem uprost\u0159ed v\u00e1lky v Jemenu prost\u0159ednictv\u00edm z\u0159\u00edzen\u00ed j\u00eddelny pro hladov\u011bj\u00edc\u00ed \u017eeny a d\u011bti. Z dar\u016f, kter\u00e9 spolek obdr\u017e\u00ed, je financov\u00e1no jedno tepl\u00e9 j\u00eddlo pro ty nejpot\u0159ebn\u011bj\u0161\u00ed v jemensk\u00e9m hlavn\u00edm m\u011bst\u011b Sanaa. Jemen za\u017e\u00edv\u00e1 nejhor\u0161\u00ed humanit\u00e1rn\u00ed krizi na sv\u011bt\u011b od roku 1945, \u010del\u00ed v\u00e1lce, hladomoru i epidemi\u00edm. Chyb\u00ed potraviny, pitn\u00e1 voda, nafta, l\u00e9ky i pozornost sv\u011bta. Uprost\u0159ed t\u00e9to zk\u00e1zy jsou lid\u00e9 jako my a na\u0161i p\u0159\u00e1tel\u00e9. projekt ve\u0159ejn\u00e9 j\u00eddelny pom\u016f\u017ee alespo\u0148 n\u011bkter\u00fdm z nich m\u00edt zase nad\u011bji. jeho c\u00edlem je shroma\u017e\u010fovat pen\u00edze na transparentn\u00ed \u00fa\u010det, nakupovat potraviny p\u0159\u00edmo v Sanaa a zaji\u0161\u0165ovat pravideln\u00e9 j\u00eddlo pro nejpot\u0159ebn\u011bj\u0161\u00ed lidi v nouzi.<\/p>\r\n<div>Ostravsk\u00fd spolek Pom\u016f\u017eu jak m\u016f\u017eu je zalo\u017een na dobrovoln\u00e9 pr\u00e1ci jeho \u010dlen\u016f.<\/div>\r\n<div>&nbsp;<\/div>\r\n<div>&nbsp;<\/div>\r\n<p><strong><a style=\"color: #c20808;\" href=\"https:\/\/ostrava.caritas.cz\/lide-bez-domova\/azylovy-dum-pro-matky-s-detmi-zdislava\/\" target=\"_blank\" rel=\"noopener\">Charitn\u00ed d\u016fm sv. Zdislavy<\/a><\/strong><\/p>\r\n<p><b><\/b>Azylov\u00fd d\u016fm sv. Zdislavy poskytuje do\u010dasn\u00e9 z\u00e1zem\u00ed mamink\u00e1m s d\u011btmi a t\u011bhotn\u00fdm \u017een\u00e1m, kter\u00e9 p\u0159i\u0161ly o bydlen\u00ed a pot\u0159ebuj\u00ed podpo\u0159it, aby znovu z\u00edskaly sob\u011bsta\u010dnost a \u0161anci zapojit se zp\u011bt do b\u011b\u017en\u00e9ho \u017eivota. .&nbsp;<\/p>\r\n","protected":false},"excerpt":{"rendered":"<p>Ud\u011blejte radost v\u00e1no\u010dn\u00edm d\u00e1rkem lidem, kte\u0159\u00ed se ocitli v nep\u0159\u00edzniv\u00e9 \u017eivotn\u00ed situaci. 23. 11. 2022 Music Klub BarBar, 19 hodinNedivo\u010d acoustic, Ptakustik acoustic, Empty Pipen&hellip;<\/p>\n","protected":false},"author":1,"featured_media":0,"parent":0,"menu_order":0,"comment_status":"closed","ping_status":"open","template":"","meta":{"ngg_post_thumbnail":0,"footnotes":""},"class_list":["post-2097","page","type-page","status-publish","hentry"],"_links":{"self":[{"href":"https:\/\/darekjam.cz\/index.php?rest_route=\/wp\/v2\/pages\/2097","targetHints":{"allow":["GET"]}}],"collection":[{"href":"https:\/\/darekjam.cz\/index.php?rest_route=\/wp\/v2\/pages"}],"about":[{"href":"https:\/\/darekjam.cz\/index.php?rest_route=\/wp\/v2\/types\/page"}],"author":[{"embeddable":true,"href":"https:\/\/darekjam.cz\/index.php?rest_route=\/wp\/v2\/users\/1"}],"replies":[{"embeddable":true,"href":"https:\/\/darekjam.cz\/index.php?rest_route=%2Fwp%2Fv2%2Fcomments&post=2097"}],"version-history":[{"count":1,"href":"https:\/\/darekjam.cz\/index.php?rest_route=\/wp\/v2\/pages\/2097\/revisions"}],"predecessor-version":[{"id":2100,"href":"https:\/\/darekjam.cz\/index.php?rest_route=\/wp\/v2\/pages\/2097\/revisions\/2100"}],"wp:attachment":[{"href":"https:\/\/darekjam.cz\/index.php?rest_route=%2Fwp%2Fv2%2Fmedia&parent=2097"}],"curies":[{"name":"wp","href":"https:\/\/api.w.org\/{rel}","templated":true}]}}