{"id":1636,"date":"2022-11-01T22:31:42","date_gmt":"2022-11-01T21:31:42","guid":{"rendered":"https:\/\/darekjam.pavelkares.cz\/?page_id=1636"},"modified":"2022-11-01T22:32:56","modified_gmt":"2022-11-01T21:32:56","slug":"pomuzu-jak-muzu","status":"publish","type":"page","link":"https:\/\/darekjam.cz\/?page_id=1636","title":{"rendered":"Pom\u016f\u017eu jak m\u016f\u017eu"},"content":{"rendered":"<p><a href=\"https:\/\/pomuzujakmuzu.cz\/index.php?page=dary\" target=\"_blank\" rel=\"noopener\"><img loading=\"lazy\" decoding=\"async\" class=\"aligncenter wp-image-1637 size-large\" src=\"https:\/\/darekjam.pavelkares.cz\/wp-content\/uploads\/2022\/11\/PJM_infogr2021cz-700x700.jpg\" alt=\"\" width=\"700\" height=\"700\" srcset=\"https:\/\/darekjam.cz\/wp-content\/uploads\/2022\/11\/PJM_infogr2021cz-700x700.jpg 700w, https:\/\/darekjam.cz\/wp-content\/uploads\/2022\/11\/PJM_infogr2021cz-300x300.jpg 300w, https:\/\/darekjam.cz\/wp-content\/uploads\/2022\/11\/PJM_infogr2021cz-150x150.jpg 150w, https:\/\/darekjam.cz\/wp-content\/uploads\/2022\/11\/PJM_infogr2021cz-768x768.jpg 768w, https:\/\/darekjam.cz\/wp-content\/uploads\/2022\/11\/PJM_infogr2021cz-1536x1536.jpg 1536w, https:\/\/darekjam.cz\/wp-content\/uploads\/2022\/11\/PJM_infogr2021cz.jpg 2000w\" sizes=\"auto, (max-width: 700px) 100vw, 700px\" \/><\/a><\/p>\n","protected":false},"excerpt":{"rendered":"","protected":false},"author":1,"featured_media":0,"parent":0,"menu_order":0,"comment_status":"closed","ping_status":"closed","template":"","meta":{"ngg_post_thumbnail":0,"footnotes":""},"class_list":["post-1636","page","type-page","status-publish","hentry"],"_links":{"self":[{"href":"https:\/\/darekjam.cz\/index.php?rest_route=\/wp\/v2\/pages\/1636","targetHints":{"allow":["GET"]}}],"collection":[{"href":"https:\/\/darekjam.cz\/index.php?rest_route=\/wp\/v2\/pages"}],"about":[{"href":"https:\/\/darekjam.cz\/index.php?rest_route=\/wp\/v2\/types\/page"}],"author":[{"embeddable":true,"href":"https:\/\/darekjam.cz\/index.php?rest_route=\/wp\/v2\/users\/1"}],"replies":[{"embeddable":true,"href":"https:\/\/darekjam.cz\/index.php?rest_route=%2Fwp%2Fv2%2Fcomments&post=1636"}],"version-history":[{"count":2,"href":"https:\/\/darekjam.cz\/index.php?rest_route=\/wp\/v2\/pages\/1636\/revisions"}],"predecessor-version":[{"id":1640,"href":"https:\/\/darekjam.cz\/index.php?rest_route=\/wp\/v2\/pages\/1636\/revisions\/1640"}],"wp:attachment":[{"href":"https:\/\/darekjam.cz\/index.php?rest_route=%2Fwp%2Fv2%2Fmedia&parent=1636"}],"curies":[{"name":"wp","href":"https:\/\/api.w.org\/{rel}","templated":true}]}}