{"id":1220,"date":"2021-10-11T16:55:04","date_gmt":"2021-10-11T14:55:04","guid":{"rendered":"https:\/\/darekjam.pavelkares.cz\/?page_id=1220"},"modified":"2025-12-02T15:31:13","modified_gmt":"2025-12-02T14:31:13","slug":"domu-2021","status":"publish","type":"page","link":"https:\/\/darekjam.cz\/","title":{"rendered":""},"content":{"rendered":"\r\n<p><img loading=\"lazy\" decoding=\"async\" class=\"size-large wp-image-2393 aligncenter\" src=\"https:\/\/darekjam.cz\/wp-content\/uploads\/2025\/11\/dj25new-700x1244.jpg\" alt=\"\" width=\"700\" height=\"1244\" srcset=\"https:\/\/darekjam.cz\/wp-content\/uploads\/2025\/11\/dj25new-700x1244.jpg 700w, https:\/\/darekjam.cz\/wp-content\/uploads\/2025\/11\/dj25new-169x300.jpg 169w, https:\/\/darekjam.cz\/wp-content\/uploads\/2025\/11\/dj25new-768x1365.jpg 768w, https:\/\/darekjam.cz\/wp-content\/uploads\/2025\/11\/dj25new-864x1536.jpg 864w, https:\/\/darekjam.cz\/wp-content\/uploads\/2025\/11\/dj25new.jpg 900w\" sizes=\"auto, (max-width: 700px) 100vw, 700px\" \/><\/p>\r\n<p>&nbsp;<\/p>\r\n<p class=\"zeli\" style=\"color: #c20808; text-align: center;\"><span style=\"color: #000000;\"><strong>moder\u00e1tor: Martina Novotn\u00e1<\/strong><\/span><\/p>\r\n<p style=\"text-align: center;\">&nbsp;<u><\/u><strong>VSTUPN\u00c9: pen\u011b\u017en\u00ed dar do sb\u00edrkov\u00e9 pokladni\u010dky u vstupu nebo d\u00e1rek<\/strong><\/p>\r\n<p>Pro maminky s d\u011btmi z&nbsp;<a href=\"https:\/\/ostrava.charita.cz\/komu-pomahame\/lide-bez-domova\/azylovy-dum-zdislava\/\" target=\"_blank\" rel=\"noopener\" data-saferedirecturl=\"https:\/\/www.google.com\/url?q=https:\/\/ostrava.charita.cz\/komu-pomahame\/lide-bez-domova\/azylovy-dum-zdislava\/&amp;source=gmail&amp;ust=1699136302765000&amp;usg=AOvVaw1tl6bzJAX80jzFUxPNQdOU\">Charitn\u00edho domu sv. Zdislavy &#8211; azylov\u00e9ho domu<\/a> Charity Ostrava uv\u00edt\u00e1me hra\u010dky, hry do herni\u010dky, kosmetiku nebo osobn\u00ed hygienu a v\u0161e, co pot\u011b\u0161\u00ed mal\u00e9 i velk\u00e9 na V\u00e1noce.<br>V&nbsp;azylov\u00e9m dom\u011b se nach\u00e1z\u00ed 10 maminek a 32 d\u011bt\u00ed v\u0161ech v\u011bkov\u00fdch kategori\u00ed.<br><br>M\u016f\u017eete podpo\u0159it tak\u00e9 lidi bez domova darov\u00e1n\u00edm trvanliv\u00fdch potravin, zimn\u00edho oble\u010den\u00ed jako jsou pono\u017eky \u010di rukavice.<\/p>\r\n<p>Na provoz j\u00eddelny <a href=\"https:\/\/www.pomuzujakmuzu.cz\/\" target=\"_blank\" rel=\"noopener\" data-saferedirecturl=\"https:\/\/www.google.com\/url?q=https:\/\/www.pomuzujakmuzu.cz\/&amp;source=gmail&amp;ust=1699136302765000&amp;usg=AOvVaw0MhMJy8jvtitAPB7VAGmrO\">Pom\u016f\u017eu jak m\u016f\u017eu z. s.<\/a> pro rodiny v Jemenu zasa\u017een\u00e9m hladomorem m\u016f\u017eete p\u0159isp\u011bt v r\u00e1mci ve\u0159ejn\u00e9 sb\u00edrky p\u0159\u00edmo v klubu pen\u011bzi do zape\u010det\u011bn\u00e9 sb\u00edrkov\u00e9 pokladni\u010dky nebo pomoc\u00ed formul\u00e1\u0159e na t\u011bchto str\u00e1nk\u00e1ch vlevo dole.<u><\/u><\/p>\r\n<p>Va\u0161e dary budou vyu\u017eity pro:<\/p>\r\n<p><a href=\"https:\/\/pomuzujakmuzu.cz\/\" target=\"_blank\" rel=\"noopener\"><strong style=\"color: #c20808;\">Pom\u016f\u017eu jak m\u016f\u017eu z.s.<\/strong><\/a><\/p>\r\n<p>Spolek Pom\u016f\u017eu jak m\u016f\u017eu, z.s. je ostravsk\u00e1 organizace, kter\u00e1 vznikla v roce 2018 za \u00fa\u010delem humanit\u00e1rn\u00ed pomoci lidem uprost\u0159ed v\u00e1lky v Jemenu prost\u0159ednictv\u00edm z\u0159\u00edzen\u00ed j\u00eddelny pro hladov\u011bj\u00edc\u00ed \u017eeny<a href=\"https:\/\/darekjam.cz\/wp-content\/uploads\/2023\/11\/jemen.jpg\"><img loading=\"lazy\" decoding=\"async\" class=\"odsadit alignright wp-image-2125 size-medium\" src=\"https:\/\/darekjam.cz\/wp-content\/uploads\/2023\/11\/jemen-300x225.jpg\" alt=\"\" width=\"300\" height=\"225\" srcset=\"https:\/\/darekjam.cz\/wp-content\/uploads\/2023\/11\/jemen-300x225.jpg 300w, https:\/\/darekjam.cz\/wp-content\/uploads\/2023\/11\/jemen-700x525.jpg 700w, https:\/\/darekjam.cz\/wp-content\/uploads\/2023\/11\/jemen-768x576.jpg 768w, https:\/\/darekjam.cz\/wp-content\/uploads\/2023\/11\/jemen.jpg 800w\" sizes=\"auto, (max-width: 300px) 100vw, 300px\" \/><\/a> a d\u011bti. Z dar\u016f, kter\u00e9 spolek obdr\u017e\u00ed, je financov\u00e1no jedno tepl\u00e9 j\u00eddlo pro ty nejpot\u0159ebn\u011bj\u0161\u00ed v jemensk\u00e9m hlavn\u00edm m\u011bst\u011b Sanaa. Jemen za\u017e\u00edv\u00e1 nejhor\u0161\u00ed humanit\u00e1rn\u00ed krizi na sv\u011bt\u011b od roku 1945, \u010del\u00ed v\u00e1lce, hladomoru i epidemi\u00edm. Chyb\u00ed potraviny, pitn\u00e1 voda, nafta, l\u00e9ky i pozornost sv\u011bta. Uprost\u0159ed t\u00e9to zk\u00e1zy jsou lid\u00e9 jako my a na\u0161i p\u0159\u00e1tel\u00e9. Projekt ve\u0159ejn\u00e9 j\u00eddelny pom\u016f\u017ee alespo\u0148 n\u011bkter\u00fdm z nich m\u00edt zase nad\u011bji. jeho c\u00edlem je shroma\u017e\u010fovat pen\u00edze na transparentn\u00ed \u00fa\u010det, nakupovat potraviny p\u0159\u00edmo v Sanaa a zaji\u0161\u0165ovat pravideln\u00e9 j\u00eddlo pro nejpot\u0159ebn\u011bj\u0161\u00ed lidi v nouzi.<\/p>\r\n<div>Ostravsk\u00fd spolek Pom\u016f\u017eu jak m\u016f\u017eu je zalo\u017een na dobrovoln\u00e9 pr\u00e1ci jeho \u010dlen\u016f.<\/div>\r\n<div>&nbsp;<\/div>\r\n<div>&nbsp;<\/div>\r\n<div>&nbsp;<\/div>\r\n<p><strong><a style=\"color: #c20808;\" href=\"https:\/\/ostrava.charita.cz\/komu-pomahame\/lide-bez-domova\/azylovy-dum-zdislava\/\" target=\"_blank\" rel=\"noopener\">Charitn\u00ed d\u016fm sv. Zdislavy<\/a><\/strong><\/p>\r\n<p><b><\/b>Azylov\u00fd d\u016fm Charity Ostrava poskytuje do\u010dasn\u00e9 z\u00e1zem\u00ed mamink\u00e1m s d\u011btmi a t\u011bhotn\u00fdm \u017een\u00e1m, kter\u00e9 p\u0159i\u0161ly o bydlen\u00ed a pot\u0159ebuj\u00ed podpo\u0159it, aby znovu z\u00edskaly sob\u011bsta\u010dnost a \u0161anci zapojit se zp\u011bt do<a href=\"https:\/\/darekjam.cz\/wp-content\/uploads\/2023\/11\/zdislava_darujme_2021.jpg\"><img loading=\"lazy\" decoding=\"async\" class=\"odsadit alignright wp-image-2158 size-medium\" src=\"https:\/\/darekjam.cz\/wp-content\/uploads\/2023\/11\/zdislava_darujme_2021-300x200.jpg\" alt=\"\" width=\"300\" height=\"200\" srcset=\"https:\/\/darekjam.cz\/wp-content\/uploads\/2023\/11\/zdislava_darujme_2021-300x200.jpg 300w, https:\/\/darekjam.cz\/wp-content\/uploads\/2023\/11\/zdislava_darujme_2021-700x467.jpg 700w, https:\/\/darekjam.cz\/wp-content\/uploads\/2023\/11\/zdislava_darujme_2021-768x512.jpg 768w, https:\/\/darekjam.cz\/wp-content\/uploads\/2023\/11\/zdislava_darujme_2021-1536x1024.jpg 1536w, https:\/\/darekjam.cz\/wp-content\/uploads\/2023\/11\/zdislava_darujme_2021.jpg 1772w\" sizes=\"auto, (max-width: 300px) 100vw, 300px\" \/><\/a> b\u011b\u017en\u00e9ho \u017eivota.<\/p>\r\n<p>&nbsp;<\/p>\r\n<p>&nbsp;<\/p>\r\n<p>&nbsp;<\/p>\r\n<p>&nbsp;<\/p>\r\n<p>&nbsp;<\/p>\r\n<p>&nbsp;<\/p>\r\n","protected":false},"excerpt":{"rendered":"<p>&nbsp; moder\u00e1tor: Martina Novotn\u00e1 &nbsp;VSTUPN\u00c9: pen\u011b\u017en\u00ed dar do sb\u00edrkov\u00e9 pokladni\u010dky u vstupu nebo d\u00e1rek Pro maminky s d\u011btmi z&nbsp;Charitn\u00edho domu sv. Zdislavy &#8211; azylov\u00e9ho domu&hellip;<\/p>\n","protected":false},"author":1,"featured_media":0,"parent":0,"menu_order":0,"comment_status":"closed","ping_status":"closed","template":"","meta":{"ngg_post_thumbnail":0,"footnotes":""},"class_list":["post-1220","page","type-page","status-publish","hentry"],"_links":{"self":[{"href":"https:\/\/darekjam.cz\/index.php?rest_route=\/wp\/v2\/pages\/1220","targetHints":{"allow":["GET"]}}],"collection":[{"href":"https:\/\/darekjam.cz\/index.php?rest_route=\/wp\/v2\/pages"}],"about":[{"href":"https:\/\/darekjam.cz\/index.php?rest_route=\/wp\/v2\/types\/page"}],"author":[{"embeddable":true,"href":"https:\/\/darekjam.cz\/index.php?rest_route=\/wp\/v2\/users\/1"}],"replies":[{"embeddable":true,"href":"https:\/\/darekjam.cz\/index.php?rest_route=%2Fwp%2Fv2%2Fcomments&post=1220"}],"version-history":[{"count":88,"href":"https:\/\/darekjam.cz\/index.php?rest_route=\/wp\/v2\/pages\/1220\/revisions"}],"predecessor-version":[{"id":1332,"href":"https:\/\/darekjam.cz\/index.php?rest_route=\/wp\/v2\/pages\/1220\/revisions\/1332"}],"wp:attachment":[{"href":"https:\/\/darekjam.cz\/index.php?rest_route=%2Fwp%2Fv2%2Fmedia&parent=1220"}],"curies":[{"name":"wp","href":"https:\/\/api.w.org\/{rel}","templated":true}]}}